{"id":29,"date":"2022-07-19T09:39:20","date_gmt":"2022-07-19T07:39:20","guid":{"rendered":"https:\/\/jornadaspsicologiaeducacion.umh.es\/?page_id=29"},"modified":"2022-09-14T16:03:46","modified_gmt":"2022-09-14T14:03:46","slug":"comites","status":"publish","type":"page","link":"https:\/\/jornadaspsicologiaeducacion.umh.es\/ca\/comites\/","title":{"rendered":"Comit\u00e9s"},"content":{"rendered":"<p><\/p>\n<div class=\"fila-nueva-15\">\n<div class=\"inlinewrap\">\n<div class=\"columna-nueva-500\">\n<div id=\"resultado\" class=\"resultado\">\n<p><span style=\"font-size: xx-large\"><b>AQUEST ESDEVENIMENT HA SIGUT CANCEL\u00b7LAT.\u00a0 DISCULPEU LES MOL\u00c8STIES.<\/b><\/span><\/p>\n<p><strong>COMIT\u00c8 D&#8217;HONOR<\/strong> <a href=\"https:\/\/jornadaspsicologiaeducacion.umh.es\/comites\/\"><img loading=\"lazy\" class=\"alignnone wp-image-179 size-full\" src=\"https:\/\/jornadaspsicologiaeducacion.umh.es\/files\/2022\/08\/flag-es.png\" alt=\"\" width=\"18\" height=\"12\" \/><\/a> <a href=\"https:\/\/jornadaspsicologiaeducacion.umh.es\/en\/comites\/\"><img loading=\"lazy\" class=\"alignnone wp-image-176 size-full\" src=\"https:\/\/jornadaspsicologiaeducacion.umh.es\/files\/2022\/08\/flag-en.png\" alt=\"\" width=\"18\" height=\"12\" \/><\/a><\/p>\n<p>Excm. Sr. Sr. Francisco Santolaya Ochando. President del Consell General de la Psicologia d&#8217;Espanya i Deg\u00e0 del COP en la Generalitat Valenciana.<\/p>\n<p>Excma. Sra. Sra. Pilar Calvo Pascual. Coordinadora de la Divisi\u00f3 de Psicologia Educativa del Consell General de la Psicologia d&#8217;Espanya.<\/p>\n<p>Excma. Sra. Sra. Raquel Andr\u00e9s Gimeno. Directora General d&#8217;Inclusi\u00f3 Educativa. Conselleria d&#8217;Educaci\u00f3, Cultura i Esport. Generalitat Valenciana.<\/p>\n<p>Excm. Sr. D. Domingo L. Orozco. Vicerector d&#8217;Investigaci\u00f3. Universitat Miguel Hern\u00e1ndez d&#8217;Elx. UMH, ESPANYA.<\/p>\n<p>Excm. Sr. Sr. Josep X. Barber. Vicerector Adjunt d&#8217;Investigaci\u00f3 per a l&#8217;Avaluaci\u00f3 de la Investigaci\u00f3. UMH, ESPANYA.<\/p>\n<p>Excma. Sra. Sra. Mar\u00eda \u00c1ngeles Pastor Mira. Directora del Dpt. de Ci\u00e8ncies del Comportament i Salut. UMH, ESPANYA<\/p>\n<p>Excm. Sr. Sr. Daniel Lloret Irles. Subdirector del Dpt. de Psicologia de la Salut, UMH, ESPANYA.<\/p>\n<p>&nbsp;<\/p>\n<p><strong>PRESID\u00c8NCIA DEL COMIT\u00c8 CIENT\u00cdFIC<\/strong><\/p>\n<p>Prof. Dr. C\u00e0ndid J. Angl\u00e8s. Prof. Titular d&#8217;Universitat de Psicologia de l&#8217;Educaci\u00f3. \u00c0rea de Psicologia Evolutiva i de l&#8217;Educaci\u00f3. Dpto. de Psicologia de la Salut. UMH, ESPANYA.<\/p>\n<p>Profa. Dra. Mar\u00eda del Carmen Terol Cantero. Profa. Titular d&#8217;Universitat de Psicologia Social. Directora Grup Investigaci\u00f3 Intervenci\u00f3 Comunit\u00e0ria. Dpto. Ci\u00e8ncies del Comportament i Salut. UMH. ESPANYA.<\/p>\n<p>Profa. Dra. Maite Mart\u00edn-Arag\u00f3 Gilabert. Profa. Titular d&#8217;Universitat d&#8217;Intervenci\u00f3 Social i Comunit\u00e0ria. Grup Investigaci\u00f3 Intervenci\u00f3 Comunit\u00e0ria. Dpto. Ci\u00e8ncies del Comportament i Salut. UMH. ESPANYA.<\/p>\n<p>&nbsp;<\/p>\n<p><strong>COMIT\u00c8 CIENT\u00cdFIC<\/strong><\/p>\n<p>Prof. Dr. Juan Pedro Mart\u00ednez Ram\u00f3n. Vocal de la Divisi\u00f3 de Psicologia Educativa del COP-Espanya, ESPANYA.<\/p>\n<p>Prof. Dr. Juan Lu\u00eds Castej\u00f3n Costa. Catedr\u00e0tic d&#8217;Universitat. Dpto. de Psicologia Evolutiva i Did\u00e0ctica, Universitat d&#8217;Alacant.<\/p>\n<p>Sra. M\u00f3nica A\u00f1\u00f3n,\u00a0cap de secci\u00f3 d&#8217;Orientaci\u00f3 Educativa de la Direcci\u00f3 General d&#8217;Inclusi\u00f3 Educativa\u00a0de la Conselleria d&#8217;Educaci\u00f2 de la Generalitat Valenciana (GV).<\/p>\n<p>Sr. Jes\u00fas Javier D\u00edaz Rico. President en (ASEPO) &#8211; Associaci\u00f3 Nacional per a Persones Obeses i el Tractament de l&#8217;Obesitat.<\/p>\n<p>Profa. Dra. Mar\u00eda Dolores Gil-Llario. Catedr\u00e0tica d&#8217;Universitat de Psicologia de l&#8217;Educaci\u00f3. Universitat de Val\u00e8ncia. Directora del Grup d&#8217;Investigaci\u00f3 SALUSEX. Secci\u00f3 Val\u00e8ncia. ESPANYA.<\/p>\n<p>Prof. Dr. Llaura Mercedes Cerquera\u00a0C\u00f3rdoba. Degana de l&#8217;Escola de Ci\u00e8ncies Socials. Universitat Pontif\u00edcia Bolivariana. COL\u00d2MBIA.<\/p>\n<p>Prof. Dr. Rafael Ballester. Catedr\u00e0tic d&#8217;Universitat de Personalitat, Avaluaci\u00f3 i Tractament Psicol\u00f2gics. Universidat Jaume I de Castell\u00f2. Director del Grup d&#8217;Investigaci\u00f3 SALUSEX. Secci\u00f3 Castell\u00f3. ESPANYA.<\/p>\n<p>Prof. Dr. Jos\u00e9 Manuel Garc\u00eda-Fern\u00e1ndez. Professor Titular d&#8217;Universitat de Psicologia de l&#8217;Educaci\u00f3. Universitat d&#8217;Alacant, ESPANYA.<\/p>\n<p>Profa. Dra. Nieves Gomis. Conselleria d&#8217;Educaci\u00f2. Generalitat Valenciana. Profa. de Psicologia de l&#8217;Educaci\u00f3. Universitat d&#8217;Alacant. ESPANYA.<\/p>\n<p>Prof. Dr. Klaus Ranta, Department of\u00a0Adolescent Psychiatry, H\u00e8lsinki University Central Hospital. Tampere University. FINLAND.<\/p>\n<p>Prof. Dr. Igor Esnaola. Catedr\u00e0tic d&#8217;Universitat de Psicologia de l&#8217;Educaci\u00f3. Universitat del Pa\u00eds Basc. ESPANYA.,<\/p>\n<p>Profa. Dra. \u00c1ngela Pilar Albarras\u00ed Rodr\u00edguez. Directora de la Facultat de Psicologia. Universitat Pontif\u00edcia Bolivariana. COL\u00d2MBIA.<\/p>\n<p>Profa. Dra. M\u00aa Isabel G\u00f3mez-N\u00fa\u00f1ez. Universitat Internacional de la Rioja (UNIR). ESPANYA.<\/p>\n<p>Prof. Dr. Jes\u00fas de la Font Arias. Catedr\u00e0tic d&#8217;Universitat. \u00c0rea de Psicologia Evolutiva i de l&#8217;Educaci\u00f3. Universitat de Navarra. ESPANYA.<\/p>\n<p>Prof. Dr. Pablo Vallejo Medina. Editor de la Revista Llatinoamericana de Psicologia. Prof. de la Fundaci\u00f3 Universit\u00e0ria Konrad Lorenz. COL\u00d2MBIA.<\/p>\n<p>\u200bProf. Dr. Vicente E. Cavall. Catedr\u00e0tic d&#8217;Universitat de Personalitat, Avaluaci\u00f3 i Tractament Psicol\u00f2gics. Universitat de Granada. ESPANYA.<\/p>\n<p>Profa. Dra. Yolanda Quiles Marcos. Profa. Titular de Psicologia Social. Directora del Grup d&#8217;Investigaci\u00f3 en Trastorns de la Conducta Aliment\u00e0ria. Dpto. de Ci\u00e8ncies del Comportament i Salut. UMH. ESPANYA.<\/p>\n<p>Sra. Raquel Sola S\u00e1nchez. Coordinadora Fundaci\u00f3 Secretariat Gitano. Elx, Alacant. ESPANYA.<\/p>\n<p>Prof. Dr. Jos\u00e9 Carlos N\u00fa\u00f1ez-P\u00e9rez. Catedr\u00e0tic d&#8217;Universitat de Psicologia de l&#8217;Educaci\u00f3. Deg\u00e0 de la Facultat de Psicologia de la Universitat d&#8217;Oviedo, ESPANYA.<\/p>\n<p>Profa. Dra. Annette M. La Greca. Distinguished Professor of Psychology and Pediatrics. University of Miami. USA.<\/p>\n<p>Sra. Mercedes Santiago Lozano. Directora Adjunta Fundaci\u00f3 Secretariat Gitano Comunitat\u00a0Valenciana. ESPANYA.<\/p>\n<p>&nbsp;<\/p>\n<p><strong>COMIT\u00c8 ORGANITZADOR<\/strong><\/p>\n<p>Prof. Dr. C\u00e0ndido J. Angl\u00e8s. Prof. de Psicologia de l&#8217;Educaci\u00f3. UMH. ESPANYA.<\/p>\n<p>Prof. Dra. Mar\u00eda del Carmen Terol Cantero. Profa. Titular d&#8217;Universitat de Psicologia Social. Directora Grup Investigaci\u00f3 Intervenci\u00f3 Comunit\u00e0ria. Dpto. Ci\u00e8ncies del Comportament i Salut. UMH. ESPANYA.<\/p>\n<p>Profa. Dra. Maite Mart\u00edn-Arag\u00f3 Gilabert. Profa. Titular d&#8217;Universitat d&#8217;Intervenci\u00f3 Social i Comunit\u00e0ria. Grup Investigaci\u00f3 Intervenci\u00f3 Comunit\u00e0ria. Dpto. Ci\u00e8ncies del Comportament i Salut. UMH. ESPANYA.<\/p>\n<p>Lcda. Eng. i M.A. Josefa Adoraci\u00f3n Urb\u00e1n Agull\u00f3. Universitat d&#8217;Alacant. UA. ESPANYA.<\/p>\n<\/div>\n<\/div>\n<\/div>\n<\/div>\n<p><\/p>","protected":false},"excerpt":{"rendered":"<p>AQUEST ESDEVENIMENT HA SIGUT CANCEL\u00b7LAT.\u00a0 DISCULPEU LES MOL\u00c8STIES.<br \/>\nCOMIT\u00c8 D&#8217;HONOR<br \/>\nExcm. Sr. Sr. Francisco Santolaya Ochando. President del Consell General de la Psicologia d&#8217;Espanya i Deg\u00e0 del COP en la Generalitat Valenciana.<br \/>\nExcma. Sra. Sra. Pilar Calvo Pascual. Coordinadora de la Divisi\u00f3 de Psicologia Educativa del Consell General de la Psicologia d&#8217;Espanya.<br \/>\nExcma. Sra. Sra. Raquel Andr\u00e9s [&#8230;]<\/p>\n","protected":false},"author":704,"featured_media":0,"parent":0,"menu_order":0,"comment_status":"open","ping_status":"closed","template":"","meta":{"_links_to":"","_links_to_target":""},"_links":{"self":[{"href":"https:\/\/jornadaspsicologiaeducacion.umh.es\/ca\/wp-json\/wp\/v2\/pages\/29"}],"collection":[{"href":"https:\/\/jornadaspsicologiaeducacion.umh.es\/ca\/wp-json\/wp\/v2\/pages"}],"about":[{"href":"https:\/\/jornadaspsicologiaeducacion.umh.es\/ca\/wp-json\/wp\/v2\/types\/page"}],"author":[{"embeddable":true,"href":"https:\/\/jornadaspsicologiaeducacion.umh.es\/ca\/wp-json\/wp\/v2\/users\/704"}],"replies":[{"embeddable":true,"href":"https:\/\/jornadaspsicologiaeducacion.umh.es\/ca\/wp-json\/wp\/v2\/comments?post=29"}],"version-history":[{"count":0,"href":"https:\/\/jornadaspsicologiaeducacion.umh.es\/ca\/wp-json\/wp\/v2\/pages\/29\/revisions"}],"wp:attachment":[{"href":"https:\/\/jornadaspsicologiaeducacion.umh.es\/ca\/wp-json\/wp\/v2\/media?parent=29"}],"curies":[{"name":"wp","href":"https:\/\/api.w.org\/{rel}","templated":true}]}}